{"id":1125,"date":"2026-02-10T14:23:12","date_gmt":"2026-02-10T19:23:12","guid":{"rendered":"https:\/\/centre-esper.ca\/fr\/?page_id=1125"},"modified":"2026-02-13T09:01:56","modified_gmt":"2026-02-13T14:01:56","slug":"communaute-de-pratique-pma","status":"publish","type":"page","link":"https:\/\/centre-esper.ca\/fr\/communaute-de-pratique-pma\/","title":{"rendered":"Communaut\u00e9 de pratique en procr\u00e9ation m\u00e9dicalement assist\u00e9e"},"content":{"rendered":"","protected":false},"excerpt":{"rendered":"","protected":false},"author":3,"featured_media":0,"parent":0,"menu_order":0,"comment_status":"closed","ping_status":"closed","template":"","meta":{"footnotes":""},"class_list":["post-1125","page","type-page","status-publish","hentry"],"acf":[],"yoast_head":"<!-- This site is optimized with the Yoast SEO plugin v24.6 - https:\/\/yoast.com\/wordpress\/plugins\/seo\/ -->\n<title>Communaut\u00e9 de pratique en PMA l Centre ESPER<\/title>\n<meta name=\"description\" content=\"Communaut\u00e9 de pratique en PMA pour professionnel\u00b7le en relation d&#039;aide. Discutez d\u2019enjeux concrets avec des coll\u00e8gues du milieu.\" \/>\n<meta name=\"robots\" content=\"index, follow, max-snippet:-1, max-image-preview:large, max-video-preview:-1\" \/>\n<link rel=\"canonical\" href=\"https:\/\/centre-esper.ca\/fr\/communaute-de-pratique-pma\/\" \/>\n<meta property=\"og:locale\" content=\"fr_CA\" \/>\n<meta property=\"og:type\" content=\"article\" \/>\n<meta property=\"og:title\" content=\"Communaut\u00e9 de pratique en procr\u00e9ation m\u00e9dicalement assist\u00e9e\" \/>\n<meta property=\"og:description\" content=\"Discutez d\u2019enjeux concrets et r\u00e9fl\u00e9chissez \u00e0 des pistes d\u2019intervention avec des coll\u00e8gues du milieu.\" \/>\n<meta property=\"og:url\" content=\"https:\/\/centre-esper.ca\/fr\/communaute-de-pratique-pma\/\" \/>\n<meta property=\"og:site_name\" content=\"Centre ESPER\" \/>\n<meta property=\"article:modified_time\" content=\"2026-02-13T14:01:56+00:00\" \/>\n<meta property=\"og:image\" content=\"https:\/\/centre-esper.ca\/wp-content\/uploads\/2026\/02\/Appel-a-participation_RS_1.png\" \/>\n\t<meta property=\"og:image:width\" content=\"2400\" \/>\n\t<meta property=\"og:image:height\" content=\"1260\" \/>\n\t<meta property=\"og:image:type\" content=\"image\/png\" \/>\n<meta name=\"twitter:card\" content=\"summary_large_image\" \/>\n<script type=\"application\/ld+json\" class=\"yoast-schema-graph\">{\"@context\":\"https:\/\/schema.org\",\"@graph\":[{\"@type\":\"WebPage\",\"@id\":\"https:\/\/centre-esper.ca\/fr\/communaute-de-pratique-pma\/\",\"url\":\"https:\/\/centre-esper.ca\/fr\/communaute-de-pratique-pma\/\",\"name\":\"Communaut\u00e9 de pratique en PMA l Centre ESPER\",\"isPartOf\":{\"@id\":\"https:\/\/centre-esper.ca\/fr\/#website\"},\"datePublished\":\"2026-02-10T19:23:12+00:00\",\"dateModified\":\"2026-02-13T14:01:56+00:00\",\"description\":\"Communaut\u00e9 de pratique en PMA pour professionnel\u00b7le en relation d'aide. Discutez d\u2019enjeux concrets avec des coll\u00e8gues du milieu.\",\"breadcrumb\":{\"@id\":\"https:\/\/centre-esper.ca\/fr\/communaute-de-pratique-pma\/#breadcrumb\"},\"inLanguage\":\"fr-CA\",\"potentialAction\":[{\"@type\":\"ReadAction\",\"target\":[\"https:\/\/centre-esper.ca\/fr\/communaute-de-pratique-pma\/\"]}]},{\"@type\":\"BreadcrumbList\",\"@id\":\"https:\/\/centre-esper.ca\/fr\/communaute-de-pratique-pma\/#breadcrumb\",\"itemListElement\":[{\"@type\":\"ListItem\",\"position\":1,\"name\":\"Home\",\"item\":\"https:\/\/centre-esper.ca\/fr\/\"},{\"@type\":\"ListItem\",\"position\":2,\"name\":\"Communaut\u00e9 de pratique en procr\u00e9ation m\u00e9dicalement assist\u00e9e\"}]},{\"@type\":\"WebSite\",\"@id\":\"https:\/\/centre-esper.ca\/fr\/#website\",\"url\":\"https:\/\/centre-esper.ca\/fr\/\",\"name\":\"Centre ESPER\",\"description\":\"\",\"potentialAction\":[{\"@type\":\"SearchAction\",\"target\":{\"@type\":\"EntryPoint\",\"urlTemplate\":\"https:\/\/centre-esper.ca\/fr\/?s={search_term_string}\"},\"query-input\":{\"@type\":\"PropertyValueSpecification\",\"valueRequired\":true,\"valueName\":\"search_term_string\"}}],\"inLanguage\":\"fr-CA\"}]}<\/script>\n<!-- \/ Yoast SEO plugin. -->","yoast_head_json":{"title":"Communaut\u00e9 de pratique en PMA l Centre ESPER","description":"Communaut\u00e9 de pratique en PMA pour professionnel\u00b7le en relation d'aide. Discutez d\u2019enjeux concrets avec des coll\u00e8gues du milieu.","robots":{"index":"index","follow":"follow","max-snippet":"max-snippet:-1","max-image-preview":"max-image-preview:large","max-video-preview":"max-video-preview:-1"},"canonical":"https:\/\/centre-esper.ca\/fr\/communaute-de-pratique-pma\/","og_locale":"fr_CA","og_type":"article","og_title":"Communaut\u00e9 de pratique en procr\u00e9ation m\u00e9dicalement assist\u00e9e","og_description":"Discutez d\u2019enjeux concrets et r\u00e9fl\u00e9chissez \u00e0 des pistes d\u2019intervention avec des coll\u00e8gues du milieu.","og_url":"https:\/\/centre-esper.ca\/fr\/communaute-de-pratique-pma\/","og_site_name":"Centre ESPER","article_modified_time":"2026-02-13T14:01:56+00:00","og_image":[{"width":2400,"height":1260,"url":"https:\/\/centre-esper.ca\/wp-content\/uploads\/2026\/02\/Appel-a-participation_RS_1.png","type":"image\/png"}],"twitter_card":"summary_large_image","schema":{"@context":"https:\/\/schema.org","@graph":[{"@type":"WebPage","@id":"https:\/\/centre-esper.ca\/fr\/communaute-de-pratique-pma\/","url":"https:\/\/centre-esper.ca\/fr\/communaute-de-pratique-pma\/","name":"Communaut\u00e9 de pratique en PMA l Centre ESPER","isPartOf":{"@id":"https:\/\/centre-esper.ca\/fr\/#website"},"datePublished":"2026-02-10T19:23:12+00:00","dateModified":"2026-02-13T14:01:56+00:00","description":"Communaut\u00e9 de pratique en PMA pour professionnel\u00b7le en relation d'aide. Discutez d\u2019enjeux concrets avec des coll\u00e8gues du milieu.","breadcrumb":{"@id":"https:\/\/centre-esper.ca\/fr\/communaute-de-pratique-pma\/#breadcrumb"},"inLanguage":"fr-CA","potentialAction":[{"@type":"ReadAction","target":["https:\/\/centre-esper.ca\/fr\/communaute-de-pratique-pma\/"]}]},{"@type":"BreadcrumbList","@id":"https:\/\/centre-esper.ca\/fr\/communaute-de-pratique-pma\/#breadcrumb","itemListElement":[{"@type":"ListItem","position":1,"name":"Home","item":"https:\/\/centre-esper.ca\/fr\/"},{"@type":"ListItem","position":2,"name":"Communaut\u00e9 de pratique en procr\u00e9ation m\u00e9dicalement assist\u00e9e"}]},{"@type":"WebSite","@id":"https:\/\/centre-esper.ca\/fr\/#website","url":"https:\/\/centre-esper.ca\/fr\/","name":"Centre ESPER","description":"","potentialAction":[{"@type":"SearchAction","target":{"@type":"EntryPoint","urlTemplate":"https:\/\/centre-esper.ca\/fr\/?s={search_term_string}"},"query-input":{"@type":"PropertyValueSpecification","valueRequired":true,"valueName":"search_term_string"}}],"inLanguage":"fr-CA"}]}},"_links":{"self":[{"href":"https:\/\/centre-esper.ca\/fr\/wp-json\/wp\/v2\/pages\/1125","targetHints":{"allow":["GET"]}}],"collection":[{"href":"https:\/\/centre-esper.ca\/fr\/wp-json\/wp\/v2\/pages"}],"about":[{"href":"https:\/\/centre-esper.ca\/fr\/wp-json\/wp\/v2\/types\/page"}],"author":[{"embeddable":true,"href":"https:\/\/centre-esper.ca\/fr\/wp-json\/wp\/v2\/users\/3"}],"replies":[{"embeddable":true,"href":"https:\/\/centre-esper.ca\/fr\/wp-json\/wp\/v2\/comments?post=1125"}],"version-history":[{"count":5,"href":"https:\/\/centre-esper.ca\/fr\/wp-json\/wp\/v2\/pages\/1125\/revisions"}],"predecessor-version":[{"id":1130,"href":"https:\/\/centre-esper.ca\/fr\/wp-json\/wp\/v2\/pages\/1125\/revisions\/1130"}],"wp:attachment":[{"href":"https:\/\/centre-esper.ca\/fr\/wp-json\/wp\/v2\/media?parent=1125"}],"curies":[{"name":"wp","href":"https:\/\/api.w.org\/{rel}","templated":true}]}}