{"id":402,"date":"2024-02-22T15:27:01","date_gmt":"2024-02-22T20:27:01","guid":{"rendered":"https:\/\/centre-esper.ca\/?page_id=402"},"modified":"2025-03-11T20:18:10","modified_gmt":"2025-03-12T00:18:10","slug":"temoignage-gestation-pour-autrui","status":"publish","type":"page","link":"https:\/\/centre-esper.ca\/fr\/temoignage-gestation-pour-autrui\/","title":{"rendered":"R\u00e9cits de procr\u00e9ation"},"content":{"rendered":"","protected":false},"excerpt":{"rendered":"","protected":false},"author":1,"featured_media":500,"parent":0,"menu_order":0,"comment_status":"closed","ping_status":"closed","template":"page-ressources.php","meta":{"footnotes":""},"class_list":["post-402","page","type-page","status-publish","has-post-thumbnail","hentry"],"acf":[],"yoast_head":"<!-- This site is optimized with the Yoast SEO plugin v24.6 - https:\/\/yoast.com\/wordpress\/plugins\/seo\/ -->\n<title>T\u00e9moignage gestation pour autrui l Centre ESPER<\/title>\n<meta name=\"description\" content=\"Venez \u00e0 la rencontre de femmes porteuses et de parents d&#039;intention qui ont v\u00e9cu une gestation pour autrui pour \u00e9couter leur t\u00e9moignage.\" \/>\n<meta name=\"robots\" content=\"index, follow, max-snippet:-1, max-image-preview:large, max-video-preview:-1\" \/>\n<link rel=\"canonical\" href=\"https:\/\/centre-esper.ca\/fr\/temoignage-gestation-pour-autrui\/\" \/>\n<meta property=\"og:locale\" content=\"fr_CA\" \/>\n<meta property=\"og:type\" content=\"article\" \/>\n<meta property=\"og:title\" content=\"T\u00e9moignage gestation pour autrui l Centre ESPER\" \/>\n<meta property=\"og:description\" content=\"Venez \u00e0 la rencontre de femmes porteuses et de parents d&#039;intention qui ont v\u00e9cu une gestation pour autrui pour \u00e9couter leur t\u00e9moignage.\" \/>\n<meta property=\"og:url\" content=\"https:\/\/centre-esper.ca\/fr\/temoignage-gestation-pour-autrui\/\" \/>\n<meta property=\"og:site_name\" content=\"Centre ESPER\" \/>\n<meta property=\"article:modified_time\" content=\"2025-03-12T00:18:10+00:00\" \/>\n<meta property=\"og:image\" content=\"https:\/\/centre-esper.ca\/wp-content\/uploads\/2024\/04\/Chanel-Belanger-femme-porteuse.png\" \/>\n\t<meta property=\"og:image:width\" content=\"1200\" \/>\n\t<meta property=\"og:image:height\" content=\"630\" \/>\n\t<meta property=\"og:image:type\" content=\"image\/png\" \/>\n<meta name=\"twitter:card\" content=\"summary_large_image\" \/>\n<meta name=\"twitter:label1\" content=\"Estimation du temps de lecture\" \/>\n\t<meta name=\"twitter:data1\" content=\"1 minute\" \/>\n<script type=\"application\/ld+json\" class=\"yoast-schema-graph\">{\"@context\":\"https:\/\/schema.org\",\"@graph\":[{\"@type\":\"WebPage\",\"@id\":\"https:\/\/centre-esper.ca\/fr\/temoignage-gestation-pour-autrui\/\",\"url\":\"https:\/\/centre-esper.ca\/fr\/temoignage-gestation-pour-autrui\/\",\"name\":\"T\u00e9moignage gestation pour autrui l Centre ESPER\",\"isPartOf\":{\"@id\":\"https:\/\/centre-esper.ca\/fr\/#website\"},\"primaryImageOfPage\":{\"@id\":\"https:\/\/centre-esper.ca\/fr\/temoignage-gestation-pour-autrui\/#primaryimage\"},\"image\":{\"@id\":\"https:\/\/centre-esper.ca\/fr\/temoignage-gestation-pour-autrui\/#primaryimage\"},\"thumbnailUrl\":\"https:\/\/centre-esper.ca\/wp-content\/uploads\/2024\/04\/Chanel-Belanger-femme-porteuse.png\",\"datePublished\":\"2024-02-22T20:27:01+00:00\",\"dateModified\":\"2025-03-12T00:18:10+00:00\",\"description\":\"Venez \u00e0 la rencontre de femmes porteuses et de parents d'intention qui ont v\u00e9cu une gestation pour autrui pour \u00e9couter leur t\u00e9moignage.\",\"breadcrumb\":{\"@id\":\"https:\/\/centre-esper.ca\/fr\/temoignage-gestation-pour-autrui\/#breadcrumb\"},\"inLanguage\":\"fr-CA\",\"potentialAction\":[{\"@type\":\"ReadAction\",\"target\":[\"https:\/\/centre-esper.ca\/fr\/temoignage-gestation-pour-autrui\/\"]}]},{\"@type\":\"ImageObject\",\"inLanguage\":\"fr-CA\",\"@id\":\"https:\/\/centre-esper.ca\/fr\/temoignage-gestation-pour-autrui\/#primaryimage\",\"url\":\"https:\/\/centre-esper.ca\/wp-content\/uploads\/2024\/04\/Chanel-Belanger-femme-porteuse.png\",\"contentUrl\":\"https:\/\/centre-esper.ca\/wp-content\/uploads\/2024\/04\/Chanel-Belanger-femme-porteuse.png\",\"width\":1200,\"height\":630,\"caption\":\"Le t\u00e9moignage de Chanel, femme porteuse, dans son parcours de gestation pour autrui\"},{\"@type\":\"BreadcrumbList\",\"@id\":\"https:\/\/centre-esper.ca\/fr\/temoignage-gestation-pour-autrui\/#breadcrumb\",\"itemListElement\":[{\"@type\":\"ListItem\",\"position\":1,\"name\":\"Home\",\"item\":\"https:\/\/centre-esper.ca\/fr\/\"},{\"@type\":\"ListItem\",\"position\":2,\"name\":\"R\u00e9cits de procr\u00e9ation\"}]},{\"@type\":\"WebSite\",\"@id\":\"https:\/\/centre-esper.ca\/fr\/#website\",\"url\":\"https:\/\/centre-esper.ca\/fr\/\",\"name\":\"Centre ESPER\",\"description\":\"\",\"potentialAction\":[{\"@type\":\"SearchAction\",\"target\":{\"@type\":\"EntryPoint\",\"urlTemplate\":\"https:\/\/centre-esper.ca\/fr\/?s={search_term_string}\"},\"query-input\":{\"@type\":\"PropertyValueSpecification\",\"valueRequired\":true,\"valueName\":\"search_term_string\"}}],\"inLanguage\":\"fr-CA\"}]}<\/script>\n<!-- \/ Yoast SEO plugin. -->","yoast_head_json":{"title":"T\u00e9moignage gestation pour autrui l Centre ESPER","description":"Venez \u00e0 la rencontre de femmes porteuses et de parents d'intention qui ont v\u00e9cu une gestation pour autrui pour \u00e9couter leur t\u00e9moignage.","robots":{"index":"index","follow":"follow","max-snippet":"max-snippet:-1","max-image-preview":"max-image-preview:large","max-video-preview":"max-video-preview:-1"},"canonical":"https:\/\/centre-esper.ca\/fr\/temoignage-gestation-pour-autrui\/","og_locale":"fr_CA","og_type":"article","og_title":"T\u00e9moignage gestation pour autrui l Centre ESPER","og_description":"Venez \u00e0 la rencontre de femmes porteuses et de parents d'intention qui ont v\u00e9cu une gestation pour autrui pour \u00e9couter leur t\u00e9moignage.","og_url":"https:\/\/centre-esper.ca\/fr\/temoignage-gestation-pour-autrui\/","og_site_name":"Centre ESPER","article_modified_time":"2025-03-12T00:18:10+00:00","og_image":[{"width":1200,"height":630,"url":"https:\/\/centre-esper.ca\/wp-content\/uploads\/2024\/04\/Chanel-Belanger-femme-porteuse.png","type":"image\/png"}],"twitter_card":"summary_large_image","twitter_misc":{"Estimation du temps de lecture":"1 minute"},"schema":{"@context":"https:\/\/schema.org","@graph":[{"@type":"WebPage","@id":"https:\/\/centre-esper.ca\/fr\/temoignage-gestation-pour-autrui\/","url":"https:\/\/centre-esper.ca\/fr\/temoignage-gestation-pour-autrui\/","name":"T\u00e9moignage gestation pour autrui l Centre ESPER","isPartOf":{"@id":"https:\/\/centre-esper.ca\/fr\/#website"},"primaryImageOfPage":{"@id":"https:\/\/centre-esper.ca\/fr\/temoignage-gestation-pour-autrui\/#primaryimage"},"image":{"@id":"https:\/\/centre-esper.ca\/fr\/temoignage-gestation-pour-autrui\/#primaryimage"},"thumbnailUrl":"https:\/\/centre-esper.ca\/wp-content\/uploads\/2024\/04\/Chanel-Belanger-femme-porteuse.png","datePublished":"2024-02-22T20:27:01+00:00","dateModified":"2025-03-12T00:18:10+00:00","description":"Venez \u00e0 la rencontre de femmes porteuses et de parents d'intention qui ont v\u00e9cu une gestation pour autrui pour \u00e9couter leur t\u00e9moignage.","breadcrumb":{"@id":"https:\/\/centre-esper.ca\/fr\/temoignage-gestation-pour-autrui\/#breadcrumb"},"inLanguage":"fr-CA","potentialAction":[{"@type":"ReadAction","target":["https:\/\/centre-esper.ca\/fr\/temoignage-gestation-pour-autrui\/"]}]},{"@type":"ImageObject","inLanguage":"fr-CA","@id":"https:\/\/centre-esper.ca\/fr\/temoignage-gestation-pour-autrui\/#primaryimage","url":"https:\/\/centre-esper.ca\/wp-content\/uploads\/2024\/04\/Chanel-Belanger-femme-porteuse.png","contentUrl":"https:\/\/centre-esper.ca\/wp-content\/uploads\/2024\/04\/Chanel-Belanger-femme-porteuse.png","width":1200,"height":630,"caption":"Le t\u00e9moignage de Chanel, femme porteuse, dans son parcours de gestation pour autrui"},{"@type":"BreadcrumbList","@id":"https:\/\/centre-esper.ca\/fr\/temoignage-gestation-pour-autrui\/#breadcrumb","itemListElement":[{"@type":"ListItem","position":1,"name":"Home","item":"https:\/\/centre-esper.ca\/fr\/"},{"@type":"ListItem","position":2,"name":"R\u00e9cits de procr\u00e9ation"}]},{"@type":"WebSite","@id":"https:\/\/centre-esper.ca\/fr\/#website","url":"https:\/\/centre-esper.ca\/fr\/","name":"Centre ESPER","description":"","potentialAction":[{"@type":"SearchAction","target":{"@type":"EntryPoint","urlTemplate":"https:\/\/centre-esper.ca\/fr\/?s={search_term_string}"},"query-input":{"@type":"PropertyValueSpecification","valueRequired":true,"valueName":"search_term_string"}}],"inLanguage":"fr-CA"}]}},"_links":{"self":[{"href":"https:\/\/centre-esper.ca\/fr\/wp-json\/wp\/v2\/pages\/402","targetHints":{"allow":["GET"]}}],"collection":[{"href":"https:\/\/centre-esper.ca\/fr\/wp-json\/wp\/v2\/pages"}],"about":[{"href":"https:\/\/centre-esper.ca\/fr\/wp-json\/wp\/v2\/types\/page"}],"author":[{"embeddable":true,"href":"https:\/\/centre-esper.ca\/fr\/wp-json\/wp\/v2\/users\/1"}],"replies":[{"embeddable":true,"href":"https:\/\/centre-esper.ca\/fr\/wp-json\/wp\/v2\/comments?post=402"}],"version-history":[{"count":11,"href":"https:\/\/centre-esper.ca\/fr\/wp-json\/wp\/v2\/pages\/402\/revisions"}],"predecessor-version":[{"id":498,"href":"https:\/\/centre-esper.ca\/fr\/wp-json\/wp\/v2\/pages\/402\/revisions\/498"}],"wp:featuredmedia":[{"embeddable":true,"href":"https:\/\/centre-esper.ca\/fr\/wp-json\/wp\/v2\/media\/500"}],"wp:attachment":[{"href":"https:\/\/centre-esper.ca\/fr\/wp-json\/wp\/v2\/media?parent=402"}],"curies":[{"name":"wp","href":"https:\/\/api.w.org\/{rel}","templated":true}]}}