{"id":722,"date":"2025-03-13T15:42:16","date_gmt":"2025-03-13T19:42:16","guid":{"rendered":"https:\/\/centre-esper.ca\/fr\/?page_id=722"},"modified":"2026-02-05T20:44:36","modified_gmt":"2026-02-06T01:44:36","slug":"specialistes-fertilite","status":"publish","type":"page","link":"https:\/\/centre-esper.ca\/fr\/specialistes-fertilite\/","title":{"rendered":"Conseil d\u2019administration"},"content":{"rendered":"","protected":false},"excerpt":{"rendered":"","protected":false},"author":1,"featured_media":0,"parent":0,"menu_order":4,"comment_status":"closed","ping_status":"closed","template":"page-conseil.php","meta":{"footnotes":""},"class_list":["post-722","page","type-page","status-publish","hentry"],"acf":[],"yoast_head":"<!-- This site is optimized with the Yoast SEO plugin v24.6 - https:\/\/yoast.com\/wordpress\/plugins\/seo\/ -->\n<title>Sp\u00e9cialistes fertilit\u00e9 l Conseil d&#039;administration l Centre ESPER<\/title>\n<meta name=\"description\" content=\"Rencontrez le conseil d&#039;administration du Centre ESPER compos\u00e9 de sp\u00e9cialistes en fertilit\u00e9 et de personnes ayant v\u00e9cu un parcours de PMA.\" \/>\n<meta name=\"robots\" content=\"index, follow, max-snippet:-1, max-image-preview:large, max-video-preview:-1\" \/>\n<link rel=\"canonical\" href=\"https:\/\/centre-esper.ca\/fr\/specialistes-fertilite\/\" \/>\n<meta property=\"og:locale\" content=\"fr_CA\" \/>\n<meta property=\"og:type\" content=\"article\" \/>\n<meta property=\"og:title\" content=\"Sp\u00e9cialistes fertilit\u00e9 l Conseil d&#039;administration l Centre ESPER\" \/>\n<meta property=\"og:description\" content=\"Rencontrez le conseil d&#039;administration du Centre ESPER compos\u00e9 de sp\u00e9cialistes en fertilit\u00e9 et de personnes ayant v\u00e9cu un parcours de PMA.\" \/>\n<meta property=\"og:url\" content=\"https:\/\/centre-esper.ca\/fr\/specialistes-fertilite\/\" \/>\n<meta property=\"og:site_name\" content=\"Centre ESPER\" \/>\n<meta property=\"article:modified_time\" content=\"2026-02-06T01:44:36+00:00\" \/>\n<meta name=\"twitter:card\" content=\"summary_large_image\" \/>\n<script type=\"application\/ld+json\" class=\"yoast-schema-graph\">{\"@context\":\"https:\/\/schema.org\",\"@graph\":[{\"@type\":\"WebPage\",\"@id\":\"https:\/\/centre-esper.ca\/fr\/specialistes-fertilite\/\",\"url\":\"https:\/\/centre-esper.ca\/fr\/specialistes-fertilite\/\",\"name\":\"Sp\u00e9cialistes fertilit\u00e9 l Conseil d'administration l Centre ESPER\",\"isPartOf\":{\"@id\":\"https:\/\/centre-esper.ca\/fr\/#website\"},\"datePublished\":\"2025-03-13T19:42:16+00:00\",\"dateModified\":\"2026-02-06T01:44:36+00:00\",\"description\":\"Rencontrez le conseil d'administration du Centre ESPER compos\u00e9 de sp\u00e9cialistes en fertilit\u00e9 et de personnes ayant v\u00e9cu un parcours de PMA.\",\"breadcrumb\":{\"@id\":\"https:\/\/centre-esper.ca\/fr\/specialistes-fertilite\/#breadcrumb\"},\"inLanguage\":\"fr-CA\",\"potentialAction\":[{\"@type\":\"ReadAction\",\"target\":[\"https:\/\/centre-esper.ca\/fr\/specialistes-fertilite\/\"]}]},{\"@type\":\"BreadcrumbList\",\"@id\":\"https:\/\/centre-esper.ca\/fr\/specialistes-fertilite\/#breadcrumb\",\"itemListElement\":[{\"@type\":\"ListItem\",\"position\":1,\"name\":\"Home\",\"item\":\"https:\/\/centre-esper.ca\/fr\/\"},{\"@type\":\"ListItem\",\"position\":2,\"name\":\"Conseil d\u2019administration\"}]},{\"@type\":\"WebSite\",\"@id\":\"https:\/\/centre-esper.ca\/fr\/#website\",\"url\":\"https:\/\/centre-esper.ca\/fr\/\",\"name\":\"Centre ESPER\",\"description\":\"\",\"potentialAction\":[{\"@type\":\"SearchAction\",\"target\":{\"@type\":\"EntryPoint\",\"urlTemplate\":\"https:\/\/centre-esper.ca\/fr\/?s={search_term_string}\"},\"query-input\":{\"@type\":\"PropertyValueSpecification\",\"valueRequired\":true,\"valueName\":\"search_term_string\"}}],\"inLanguage\":\"fr-CA\"}]}<\/script>\n<!-- \/ Yoast SEO plugin. -->","yoast_head_json":{"title":"Sp\u00e9cialistes fertilit\u00e9 l Conseil d'administration l Centre ESPER","description":"Rencontrez le conseil d'administration du Centre ESPER compos\u00e9 de sp\u00e9cialistes en fertilit\u00e9 et de personnes ayant v\u00e9cu un parcours de PMA.","robots":{"index":"index","follow":"follow","max-snippet":"max-snippet:-1","max-image-preview":"max-image-preview:large","max-video-preview":"max-video-preview:-1"},"canonical":"https:\/\/centre-esper.ca\/fr\/specialistes-fertilite\/","og_locale":"fr_CA","og_type":"article","og_title":"Sp\u00e9cialistes fertilit\u00e9 l Conseil d'administration l Centre ESPER","og_description":"Rencontrez le conseil d'administration du Centre ESPER compos\u00e9 de sp\u00e9cialistes en fertilit\u00e9 et de personnes ayant v\u00e9cu un parcours de PMA.","og_url":"https:\/\/centre-esper.ca\/fr\/specialistes-fertilite\/","og_site_name":"Centre ESPER","article_modified_time":"2026-02-06T01:44:36+00:00","twitter_card":"summary_large_image","schema":{"@context":"https:\/\/schema.org","@graph":[{"@type":"WebPage","@id":"https:\/\/centre-esper.ca\/fr\/specialistes-fertilite\/","url":"https:\/\/centre-esper.ca\/fr\/specialistes-fertilite\/","name":"Sp\u00e9cialistes fertilit\u00e9 l Conseil d'administration l Centre ESPER","isPartOf":{"@id":"https:\/\/centre-esper.ca\/fr\/#website"},"datePublished":"2025-03-13T19:42:16+00:00","dateModified":"2026-02-06T01:44:36+00:00","description":"Rencontrez le conseil d'administration du Centre ESPER compos\u00e9 de sp\u00e9cialistes en fertilit\u00e9 et de personnes ayant v\u00e9cu un parcours de PMA.","breadcrumb":{"@id":"https:\/\/centre-esper.ca\/fr\/specialistes-fertilite\/#breadcrumb"},"inLanguage":"fr-CA","potentialAction":[{"@type":"ReadAction","target":["https:\/\/centre-esper.ca\/fr\/specialistes-fertilite\/"]}]},{"@type":"BreadcrumbList","@id":"https:\/\/centre-esper.ca\/fr\/specialistes-fertilite\/#breadcrumb","itemListElement":[{"@type":"ListItem","position":1,"name":"Home","item":"https:\/\/centre-esper.ca\/fr\/"},{"@type":"ListItem","position":2,"name":"Conseil d\u2019administration"}]},{"@type":"WebSite","@id":"https:\/\/centre-esper.ca\/fr\/#website","url":"https:\/\/centre-esper.ca\/fr\/","name":"Centre ESPER","description":"","potentialAction":[{"@type":"SearchAction","target":{"@type":"EntryPoint","urlTemplate":"https:\/\/centre-esper.ca\/fr\/?s={search_term_string}"},"query-input":{"@type":"PropertyValueSpecification","valueRequired":true,"valueName":"search_term_string"}}],"inLanguage":"fr-CA"}]}},"_links":{"self":[{"href":"https:\/\/centre-esper.ca\/fr\/wp-json\/wp\/v2\/pages\/722","targetHints":{"allow":["GET"]}}],"collection":[{"href":"https:\/\/centre-esper.ca\/fr\/wp-json\/wp\/v2\/pages"}],"about":[{"href":"https:\/\/centre-esper.ca\/fr\/wp-json\/wp\/v2\/types\/page"}],"author":[{"embeddable":true,"href":"https:\/\/centre-esper.ca\/fr\/wp-json\/wp\/v2\/users\/1"}],"replies":[{"embeddable":true,"href":"https:\/\/centre-esper.ca\/fr\/wp-json\/wp\/v2\/comments?post=722"}],"version-history":[{"count":3,"href":"https:\/\/centre-esper.ca\/fr\/wp-json\/wp\/v2\/pages\/722\/revisions"}],"predecessor-version":[{"id":882,"href":"https:\/\/centre-esper.ca\/fr\/wp-json\/wp\/v2\/pages\/722\/revisions\/882"}],"wp:attachment":[{"href":"https:\/\/centre-esper.ca\/fr\/wp-json\/wp\/v2\/media?parent=722"}],"curies":[{"name":"wp","href":"https:\/\/api.w.org\/{rel}","templated":true}]}}